{"id":16,"date":"2021-06-10T19:28:20","date_gmt":"2021-06-10T19:28:20","guid":{"rendered":"http:\/\/https:\/\/editorialuniversitaria.usac.edu.gt\/?page_id=16"},"modified":"2021-06-10T19:28:21","modified_gmt":"2021-06-10T19:28:21","slug":"mision-de-la-editorial-universitaria","status":"publish","type":"page","link":"https:\/\/editorialuniversitaria.usac.edu.gt\/index.php\/mision-de-la-editorial-universitaria\/","title":{"rendered":"MISI\u00d3N DE LA EDITORIAL UNIVERSITARIA"},"content":{"rendered":"\n<p>La producci\u00f3n y divulgaci\u00f3n de obras que se orientan hacia el desarrollo cultural y democr\u00e1tico de Guatemala, a la consolidaci\u00f3n del estado de derecho y al reconocimiento del car\u00e1cter multi\u00e9tnico, pluricultural y multiling\u00fce de la naci\u00f3n guatemalteca.<\/p>\n\n\n\n<p>En general Editorial Universitaria, tiene como misi\u00f3n los compromisos institucionales siguientes:<\/p>\n\n\n\n<ol class=\"wp-block-list\" type=\"a\"><li>llevar el conocimiento en general mediante la producci\u00f3n editorial a trav\u00e9s del medio escrito (libros, folletos, revistas, otros)<\/li><li>la divulgaci\u00f3n de la obra de autores diversos, mediante la distribuci\u00f3n de la producci\u00f3n editorial.<\/li><\/ol>\n\n\n\n<p>Paralelo a la actividad de producci\u00f3n editorial que desarrolla Editorial Universitaria, tambi\u00e9n debe desarrollar otras actividades de servicio que brinda a los diferentes sectores de la Universidad de San Carlos de Guatemala. Dentro de estos servicios que brinda la editorial podemos enumerar los siguientes:<\/p>\n\n\n\n<ol class=\"wp-block-list\" type=\"a\"><li>impresi\u00f3n de papeler\u00eda para uso administrativo (impresi\u00f3n de papeles con membrete, sobres diversos con membrete, formularios diversos, ticket de parqueos, y otros).<\/li><li>impresi\u00f3n de material de apoyo a actividades de extensi\u00f3n universitaria y de apoyo docente, estudiantil y administrativo; por ejemplo: afiches, volantes, tarjetas de invitaci\u00f3n, diplomas en general, desplegables, y otros.<\/li><li>impresi\u00f3n de documentos de apoyo a la actividad administrativa y docente, por ejemplo: impresi\u00f3n de folletos informativos, memorias, y otros.<\/li><li>impresi\u00f3n de t\u00edtulos profesionales de los diferentes niveles que otorga la Universidad de San Carlos de Guatemala- (nivel t\u00e9cnico, profesorados de nivel medio, profesionales, duplicados,&nbsp; incorporaciones, y otros)<\/li><li>otros servicios (elaboraci\u00f3n de Dise\u00f1o Gr\u00e1fico, elaboraci\u00f3n de artes, negativos y procesado de placas, numerado, perforado, y otros).<\/li><\/ol>\n\n\n\n<p><strong>En general Editorial Universitaria, desarrolla sus actividades en tres \u00e1reas.<\/strong><\/p>\n\n\n\n<ol class=\"wp-block-list\" type=\"a\"><li>\u00c1rea Producci\u00f3n Editorial<\/li><li>\u00c1rea de imprenta<\/li><li>\u00c1rea de distribuci\u00f3n<\/li><\/ol>\n","protected":false},"excerpt":{"rendered":"<p>La producci\u00f3n y divulgaci\u00f3n de obras que se orientan hacia el desarrollo cultural y democr\u00e1tico de Guatemala, a la consolidaci\u00f3n del estado de derecho y al reconocimiento del car\u00e1cter multi\u00e9tnico, pluricultural y multiling\u00fce de la naci\u00f3n guatemalteca. En general Editorial Universitaria, tiene como misi\u00f3n los compromisos institucionales siguientes: llevar el conocimiento en general mediante la [&hellip;]<\/p>\n","protected":false},"author":1,"featured_media":0,"parent":0,"menu_order":0,"comment_status":"closed","ping_status":"closed","template":"","meta":{"iawp_total_views":10,"footnotes":""},"class_list":["post-16","page","type-page","status-publish","czr-hentry"],"_links":{"self":[{"href":"https:\/\/editorialuniversitaria.usac.edu.gt\/index.php\/wp-json\/wp\/v2\/pages\/16","targetHints":{"allow":["GET"]}}],"collection":[{"href":"https:\/\/editorialuniversitaria.usac.edu.gt\/index.php\/wp-json\/wp\/v2\/pages"}],"about":[{"href":"https:\/\/editorialuniversitaria.usac.edu.gt\/index.php\/wp-json\/wp\/v2\/types\/page"}],"author":[{"embeddable":true,"href":"https:\/\/editorialuniversitaria.usac.edu.gt\/index.php\/wp-json\/wp\/v2\/users\/1"}],"replies":[{"embeddable":true,"href":"https:\/\/editorialuniversitaria.usac.edu.gt\/index.php\/wp-json\/wp\/v2\/comments?post=16"}],"version-history":[{"count":1,"href":"https:\/\/editorialuniversitaria.usac.edu.gt\/index.php\/wp-json\/wp\/v2\/pages\/16\/revisions"}],"predecessor-version":[{"id":17,"href":"https:\/\/editorialuniversitaria.usac.edu.gt\/index.php\/wp-json\/wp\/v2\/pages\/16\/revisions\/17"}],"wp:attachment":[{"href":"https:\/\/editorialuniversitaria.usac.edu.gt\/index.php\/wp-json\/wp\/v2\/media?parent=16"}],"curies":[{"name":"wp","href":"https:\/\/api.w.org\/{rel}","templated":true}]}}